{"id":3,"date":"2019-03-21T10:06:02","date_gmt":"2019-03-21T10:06:02","guid":{"rendered":"http:\/\/www.feuerwehr-grafenschachen.at\/fw\/?page_id=3"},"modified":"2020-09-30T08:29:56","modified_gmt":"2020-09-30T06:29:56","slug":"privacy-policy","status":"publish","type":"page","link":"https:\/\/www.feuerwehr-grafenschachen.at\/fw\/privacy-policy\/","title":{"rendered":"Datenschutzerkl\u00e4rung"},"content":{"rendered":"\n<h2 class=\"wp-block-heading\">Datenschutz<\/h2>\n\n\n\n<p>Wir haben diese Datenschutzerkl\u00e4rung verfasst, um Ihnen gem\u00e4\u00df der Vorgaben der EU-Datenschutz-Grundverordnung zu erkl\u00e4ren, welche Informationen wir sammeln, wie wir Daten verwenden und welche Entscheidungsm\u00f6glichkeiten Sie als Besucher dieser Webseite haben.<\/p>\n\n\n\n<p>Leider liegt es in der Natur der Sache, dass diese Erkl\u00e4rungen sehr technisch klingen, wir haben uns bei der Erstellung jedoch bem\u00fcht die wichtigsten Dinge so einfach und klar zu beschreiben.<\/p>\n\n\n\n<h2 class=\"wp-block-heading\">Automatische Datenspeicherung<\/h2>\n\n\n\n<p>Wenn Sie heutzutage Webseiten besuchen, werden gewisse Informationen automatisch erstellt und gespeichert, so auch auf dieser Webseite.<\/p>\n\n\n\n<p>Wenn Sie unsere Webseite so wie jetzt gerade besuchen, speichert unser Webserver (Computer auf dem diese Webseite gespeichert ist) automatisch Daten wie die IP-Adresse Ihres Ger\u00e4tes, die Adressen der besuchten Unterseiten, Details zu Ihrem Browser (z.B. Chrome, Firefox, Edge,\u2026) und Datum sowie Uhrzeit. Wir nutzen diese Daten nicht und geben Sie in der Regel nicht weiter, k\u00f6nnen jedoch nicht ausschlie\u00dfen, dass diese Daten beim Vorliegen von rechtswidrigem Verhalten eingesehen werden.<\/p>\n\n\n\n<h2 class=\"wp-block-heading\">Speicherung pers\u00f6nlicher Daten<\/h2>\n\n\n\n<p>Pers\u00f6nliche Daten, die Sie uns auf dieser Website elektronisch \u00fcbermitteln, wie zum Beispiel Name, E-Mail-Adresse, Adresse oder andere pers\u00f6nlichen Angaben im Rahmen der \u00dcbermittlung eines Formulars oder Kommentaren im Blog, werden von uns gemeinsam mit dem Zeitpunkt und der IP-Adresse nur zum jeweils angegebenen Zweck verwendet, sicher verwahrt und nicht an Dritte weitergegeben.<\/p>\n\n\n\n<p>Wir nutzen Ihre pers\u00f6nlichen Daten somit nur f\u00fcr die Kommunikation mit jenen Besuchern, die Kontakt ausdr\u00fccklich w\u00fcnschen und f\u00fcr die Abwicklung der auf dieser Webseite angebotenen Dienstleistungen und Produkte. Wir geben Ihre pers\u00f6nlichen Daten ohne Zustimmung nicht weiter, k\u00f6nnen jedoch nicht ausschlie\u00dfen, dass diese Daten beim Vorliegen von rechtswidrigem Verhalten eingesehen werden.<\/p>\n\n\n\n<p>Wenn Sie uns pers\u00f6nliche Daten per E-Mail schicken \u2013 somit abseits dieser Webseite \u2013 k\u00f6nnen wir keine sichere \u00dcbertragung und den Schutz Ihrer Daten garantieren. Wir empfehlen Ihnen, vertrauliche Daten niemals unverschl\u00fcsselt per E-Mail zu \u00fcbermitteln.<\/p>\n\n\n\n<h2 class=\"wp-block-heading\">Ihre Rechte<\/h2>\n\n\n\n<p>Ihnen stehen grunds\u00e4tzlich die Rechte auf Auskunft, Berichtigung, L\u00f6schung, Einschr\u00e4nkung, Daten\u00fcbertragbarkeit, Widerruf und Widerspruch zu. Wenn Sie glauben, dass die Verarbeitung Ihrer Daten gegen das Datenschutzrecht verst\u00f6\u00dft oder Ihre datenschutzrechtlichen Anspr\u00fcche sonst in einer Weise verletzt worden sind, k\u00f6nnen Sie sich bei der Aufsichtsbeh\u00f6rde beschweren. In \u00d6sterreich ist dies die Datenschutzbeh\u00f6rde, deren Webseiten Sie unter <a href=\"https:\/\/www.dsb.gv.at\/\">https:\/\/www.dsb.gv.at\/<\/a> finden.<\/p>\n\n\n\n<h2 class=\"wp-block-heading\">Cookies<\/h2>\n\n\n\n<p>Unsere Website verwendet HTTP-Cookies um nutzerspezifische Daten zu speichern.<br>Ein Cookie ist ein kurzes Datenpaket, welches zwischen Webbrowser und Webserver ausgetauscht wird, f\u00fcr diese aber v\u00f6llig bedeutungslos ist und erst f\u00fcr die Webanwendung, z. B. einen Online-Shop, eine Bedeutung erh\u00e4lt, etwa den Inhalt eines virtuellen Warenkorbes.<\/p>\n\n\n\n<p>Es gibt zwei Arten von Cookies: Erstanbieter-Cookies werden von unserer Website erstellt, Drittanbieter-Cookies werden von anderen Websites (z. B. Google Analytics) erstellt.<br>Man unterscheidet drei Kategorien von Cookies: unbedingt notwendige Cookies um grundlegende Funktionen der Website sicherzustellen, funktionelle Cookies um die Leistung der Webseite sicherzustellen und zielorientierte Cookies um das Benutzererlebnis zu verbessern.<\/p>\n\n\n\n<p>Wir nutzen Cookies, um unsere Webseite nutzerfreundlicher zu gestalten. Einige Cookies bleiben auf Ihrem Endger\u00e4t gespeichert, bis Sie diese l\u00f6schen. Sie erm\u00f6glichen es uns, Ihren Browser beim n\u00e4chsten Besuch wiederzuerkennen.<br>Wenn Sie dies nicht w\u00fcnschen, so k\u00f6nnen Sie Ihren Browser so einrichten, dass er Sie \u00fcber das Setzen von Cookies informiert und Sie dies nur im Einzelfall erlauben.<\/p>\n\n\n\n<p>Sie k\u00f6nnen jederzeit Cookies, die sich bereits auf Ihrem Computer befinden, l\u00f6schen oder Cookies deaktivieren. Die Vorgangsweise dazu ist nach Browser unterschiedlich, am besten Sie suchen die Anleitung in Google mit dem Suchbegriff \u201ecookies l\u00f6schen chrome\u201c oder \u201ecookies deaktivieren chrome\u201c im Falle eines Chrome Browsers oder tauschen das Wort \u201echrome\u201c gegen den Namen Ihres Browsers, z. B. edge, firefox, safari aus.<\/p>\n\n\n\n<p>Wenn Sie uns generell nicht gestatten, Cookies zu nutzen, d.h. diese per Browsereinstellung deaktivieren, k\u00f6nnen manche Funktionen und Seiten nicht wie erwartet funktionieren.<\/p>\n\n\n\n<h2 class=\"wp-block-heading\">Google Maps Datenschutzerkl\u00e4rung<\/h2>\n\n\n\n<p>Wir verwenden Google Maps der Firma Google Inc. (1600 Amphitheatre Parkway Mountain View, CA 94043, USA) auf unserer Webseite.<\/p>\n\n\n\n<p>Durch die Nutzung der Funktionen dieser Karte werden Daten an Google \u00fcbertragen. Welche Daten von Google erfasst werden und wof\u00fcr diese Daten verwendet werden, k\u00f6nnen Sie auf <a href=\"https:\/\/www.google.com\/intl\/de\/policies\/privacy\/\">https:\/\/www.google.com\/intl\/de\/policies\/privacy\/<\/a> nachlesen.<\/p>\n\n\n\n<h2 class=\"wp-block-heading\">Google Analytics Datenschutzerkl\u00e4rung<\/h2>\n\n\n\n<p>Wir verwenden auf dieser Webseite Google Analytics der Firma Google Inc. (1600 Amphitheatre Parkway Mountain View, CA 94043, USA) um Besucherdaten statistisch auszuwerten. Dabei verwendet Google Analytics zielorientierte Cookies.<\/p>\n\n\n\n<p>N\u00e4here Informationen zu Nutzungsbedingungen und Datenschutz finden Sie unter <a href=\"http:\/\/www.google.com\/analytics\/terms\/de.html\">http:\/\/www.google.com\/analytics\/terms\/de.html<\/a> bzw. unter <a href=\"https:\/\/support.google.com\/analytics\/answer\/6004245?hl=de\">https:\/\/support.google.com\/analytics\/answer\/6004245?hl=de<\/a>.<\/p>\n\n\n\n<h3 class=\"wp-block-heading\">Pseudonymisierung<\/h3>\n\n\n\n<p>Unser Anliegen im Sinne der DSGVO ist die Verbesserung unseres Angebotes und unseres Webauftritts. Da uns die Privatsph\u00e4re unserer Nutzer wichtig ist, werden die Nutzerdaten pseudonymisiert. Die Datenverarbeitung erfolgt auf Basis der gesetzlichen Bestimmungen des \u00a7 96 Abs 3 TKG sowie des Art 6 EU-DSGVO Abs 1 lit a (Einwilligung) und\/oder f (berechtigtes Interesse) der DSGVO.<\/p>\n\n\n\n<h3 class=\"wp-block-heading\">Deaktivierung der Datenerfassung durch Google Analytics<\/h3>\n\n\n\n<p>Mithilfe des <strong>Browser-Add-ons zur Deaktivierung<\/strong> von Google Analytics-JavaScript (ga.js, analytics.js, dc.js) k\u00f6nnen Website-Besucher verhindern, dass Google Analytics ihre Daten verwendet.<\/p>\n\n\n\n<p>Sie k\u00f6nnen die Erfassung der durch das Cookie erzeugten und auf Ihre Nutzung der Website bezogenen Daten an Google sowie die Verarbeitung dieser Daten durch Google verhindern, indem Sie das unter dem folgenden Link verf\u00fcgbare Browser-Plugin herunterladen und installieren: <a href=\"https:\/\/tools.google.com\/dlpage\/gaoptout?hl=de\">https:\/\/tools.google.com\/dlpage\/gaoptout?hl=de<\/a>.<\/p>\n\n\n\n<h2 class=\"wp-block-heading\">Google Analytics Zusatz zur Datenverarbeitung<\/h2>\n\n\n\n<p>Wir haben mit Google einen Direktkundenvertrag zur Verwendung von Google Analytics abgeschlossen, indem wir den \u201cZusatz zur Datenverarbeitung\u201d in Google Analytics akzeptiert haben.<\/p>\n\n\n\n<p>Mehr \u00fcber den Zusatz zur Datenverarbeitung f\u00fcr Google Analytics finden Sie hier: <a href=\"https:\/\/support.google.com\/analytics\/answer\/3379636?hl=de&amp;utm_id=ad\" target=\"_blank\" rel=\"noreferrer noopener\">https:\/\/support.google.com\/analytics\/answer\/3379636?hl=de&amp;utm_id=ad<\/a><\/p>\n\n\n\n<h2 class=\"wp-block-heading\">Google Analytics IP-Anonymisierung<\/h2>\n\n\n\n<p>Wir haben auf dieser Webseite die IP-Adressen-Anonymisierung von Google Analytics implementiert. Diese Funktion wurde von Google entwickelt, damit diese Webseite die geltenden Datenschutzbestimmungen und Empfehlungen der lokalen Datenschutzbeh\u00f6rden einhalten kann, wenn diese eine Speicherung der vollst\u00e4ndigen IP-Adresse untersagen. Die Anonymisierung bzw. Maskierung der IP findet statt, sobald die IP-Adressen im Google Analytics-Datenerfassungsnetzwerk eintreffen und bevor eine Speicherung oder Verarbeitung der Daten stattfindet.<\/p>\n\n\n\n<p>Mehr Informationen zur IP-Anonymisierung finden Sie auf <a href=\"https:\/\/support.google.com\/analytics\/answer\/2763052?hl=de\" target=\"_blank\" rel=\"noreferrer noopener\">https:\/\/support.google.com\/analytics\/answer\/2763052?hl=de<\/a>.<\/p>\n\n\n\n<p>Quelle: Erstellt mit dem <a href=\"https:\/\/www.firmenwebseiten.at\/datenschutz-generator\/\" target=\"_blank\" rel=\"noreferrer noopener\">Datenschutz Generator von firmenwebseiten.at<\/a> in Kooperation mit <a href=\"https:\/\/www.walletx.at\/\" target=\"_blank\" rel=\"noreferrer noopener\">walletx.at<\/a><\/p>\n","protected":false},"excerpt":{"rendered":"<p>Datenschutz Wir haben diese Datenschutzerkl\u00e4rung verfasst, um Ihnen gem\u00e4\u00df der Vorgaben der EU-Datenschutz-Grundverordnung zu erkl\u00e4ren, welche Informationen wir sammeln, wie wir Daten verwenden und welche Entscheidungsm\u00f6glichkeiten Sie als Besucher dieser [&hellip;]<\/p>\n","protected":false},"author":2,"featured_media":0,"parent":0,"menu_order":0,"comment_status":"closed","ping_status":"open","template":"","meta":{"_acf_changed":false,"footnotes":""},"class_list":["post-3","page","type-page","status-publish","hentry"],"acf":[],"jetpack_sharing_enabled":true,"_links":{"self":[{"href":"https:\/\/www.feuerwehr-grafenschachen.at\/fw\/wp-json\/wp\/v2\/pages\/3","targetHints":{"allow":["GET"]}}],"collection":[{"href":"https:\/\/www.feuerwehr-grafenschachen.at\/fw\/wp-json\/wp\/v2\/pages"}],"about":[{"href":"https:\/\/www.feuerwehr-grafenschachen.at\/fw\/wp-json\/wp\/v2\/types\/page"}],"author":[{"embeddable":true,"href":"https:\/\/www.feuerwehr-grafenschachen.at\/fw\/wp-json\/wp\/v2\/users\/2"}],"replies":[{"embeddable":true,"href":"https:\/\/www.feuerwehr-grafenschachen.at\/fw\/wp-json\/wp\/v2\/comments?post=3"}],"version-history":[{"count":1,"href":"https:\/\/www.feuerwehr-grafenschachen.at\/fw\/wp-json\/wp\/v2\/pages\/3\/revisions"}],"predecessor-version":[{"id":208,"href":"https:\/\/www.feuerwehr-grafenschachen.at\/fw\/wp-json\/wp\/v2\/pages\/3\/revisions\/208"}],"wp:attachment":[{"href":"https:\/\/www.feuerwehr-grafenschachen.at\/fw\/wp-json\/wp\/v2\/media?parent=3"}],"curies":[{"name":"wp","href":"https:\/\/api.w.org\/{rel}","templated":true}]}}